{"id":141,"date":"2023-05-12T14:14:23","date_gmt":"2023-05-12T13:14:23","guid":{"rendered":"https:\/\/mediab.si\/?page_id=141"},"modified":"2023-05-12T14:59:35","modified_gmt":"2023-05-12T13:59:35","slug":"fasade","status":"publish","type":"page","link":"https:\/\/mediab.si\/index.php\/fasade\/","title":{"rendered":"Fasade"},"content":{"rendered":"\n<h2 class=\"wp-block-heading has-text-align-left\">\u010ci\u0161\u010denje steklenih \/ plo\u010devinastih fasad<\/h2>\n\n\n\n<p>Poleg klasi\u010dnih preizku\u0161enih metod \u010di\u0161\u010denja vam predstavljamo sistem za pomivanje z demineralizirano vodo, sistem Hydro Power. Sestavljen je iz enote za demineralizacijo vode, lahkih teleskopov za doseganje vi\u0161in in ustreznih \u0161\u010detk in \u0161ob za \u010di\u0161\u010denje steklenih povr\u0161in ali fasad. Ta sistem ima izredno \u010distilno mo\u010d brez uporabe \u010distil, povr\u0161ina pa po \u010di\u0161\u010denju ostane brez made\u017eev in lis.<\/p>\n\n\n\n<figure class=\"wp-block-gallery has-nested-images columns-default is-cropped wp-block-gallery-1 is-layout-flex wp-block-gallery-is-layout-flex\">\n<figure class=\"wp-block-image size-full\"><img loading=\"lazy\" decoding=\"async\" width=\"400\" height=\"400\" data-id=\"157\" src=\"https:\/\/mediab.si\/wp-content\/uploads\/2023\/05\/Spletna-stran-soncna-elektrarna-14.jpg\" alt=\"\" class=\"wp-image-157\" srcset=\"https:\/\/mediab.si\/wp-content\/uploads\/2023\/05\/Spletna-stran-soncna-elektrarna-14.jpg 400w, https:\/\/mediab.si\/wp-content\/uploads\/2023\/05\/Spletna-stran-soncna-elektrarna-14-300x300.jpg 300w, https:\/\/mediab.si\/wp-content\/uploads\/2023\/05\/Spletna-stran-soncna-elektrarna-14-150x150.jpg 150w\" sizes=\"auto, (max-width: 400px) 100vw, 400px\" \/><\/figure>\n\n\n\n<figure class=\"wp-block-image size-full\"><img loading=\"lazy\" decoding=\"async\" width=\"1110\" height=\"500\" data-id=\"158\" src=\"https:\/\/mediab.si\/wp-content\/uploads\/2023\/05\/Spletna-stran-soncna-elektrarna-13.jpg\" alt=\"\" class=\"wp-image-158\" srcset=\"https:\/\/mediab.si\/wp-content\/uploads\/2023\/05\/Spletna-stran-soncna-elektrarna-13.jpg 1110w, https:\/\/mediab.si\/wp-content\/uploads\/2023\/05\/Spletna-stran-soncna-elektrarna-13-300x135.jpg 300w, https:\/\/mediab.si\/wp-content\/uploads\/2023\/05\/Spletna-stran-soncna-elektrarna-13-1024x461.jpg 1024w, https:\/\/mediab.si\/wp-content\/uploads\/2023\/05\/Spletna-stran-soncna-elektrarna-13-768x346.jpg 768w\" sizes=\"auto, (max-width: 1110px) 100vw, 1110px\" \/><\/figure>\n<\/figure>\n\n\n\n<figure class=\"wp-block-gallery has-nested-images columns-default is-cropped wp-block-gallery-2 is-layout-flex wp-block-gallery-is-layout-flex\">\n<figure class=\"wp-block-image size-large\"><img loading=\"lazy\" decoding=\"async\" width=\"1024\" height=\"563\" data-id=\"163\" src=\"https:\/\/mediab.si\/wp-content\/uploads\/2023\/05\/fasada2-1024x563.jpg\" alt=\"\" class=\"wp-image-163\" srcset=\"https:\/\/mediab.si\/wp-content\/uploads\/2023\/05\/fasada2-1024x563.jpg 1024w, https:\/\/mediab.si\/wp-content\/uploads\/2023\/05\/fasada2-300x165.jpg 300w, https:\/\/mediab.si\/wp-content\/uploads\/2023\/05\/fasada2-768x422.jpg 768w, https:\/\/mediab.si\/wp-content\/uploads\/2023\/05\/fasada2-1536x845.jpg 1536w, https:\/\/mediab.si\/wp-content\/uploads\/2023\/05\/fasada2-2000x1100.jpg 2000w, https:\/\/mediab.si\/wp-content\/uploads\/2023\/05\/fasada2.jpg 2005w\" sizes=\"auto, (max-width: 1024px) 100vw, 1024px\" \/><\/figure>\n<\/figure>\n\n\n\n<figure class=\"wp-block-image size-full\"><img loading=\"lazy\" decoding=\"async\" width=\"890\" height=\"370\" src=\"https:\/\/mediab.si\/wp-content\/uploads\/2023\/05\/Ciscenje-fasade-unger.jpg\" alt=\"\" class=\"wp-image-162\" srcset=\"https:\/\/mediab.si\/wp-content\/uploads\/2023\/05\/Ciscenje-fasade-unger.jpg 890w, https:\/\/mediab.si\/wp-content\/uploads\/2023\/05\/Ciscenje-fasade-unger-300x125.jpg 300w, https:\/\/mediab.si\/wp-content\/uploads\/2023\/05\/Ciscenje-fasade-unger-768x319.jpg 768w\" sizes=\"auto, (max-width: 890px) 100vw, 890px\" \/><\/figure>\n","protected":false},"excerpt":{"rendered":"<p>\u010ci\u0161\u010denje steklenih \/ plo\u010devinastih fasad Poleg klasi\u010dnih preizku\u0161enih metod \u010di\u0161\u010denja vam predstavljamo sistem za pomivanje z demineralizirano vodo, sistem Hydro Power. Sestavljen je iz enote za demineralizacijo vode, lahkih teleskopov za doseganje vi\u0161in in ustreznih \u0161\u010detk in \u0161ob za \u010di\u0161\u010denje steklenih povr\u0161in ali fasad. Ta sistem ima izredno \u010distilno mo\u010d brez uporabe \u010distil, povr\u0161ina pa &hellip; <\/p>\n<p class=\"link-more\"><a href=\"https:\/\/mediab.si\/index.php\/fasade\/\" class=\"more-link\">Read more<span class=\"screen-reader-text\"> &#8220;Fasade&#8221;<\/span><\/a><\/p>\n","protected":false},"author":1,"featured_media":0,"parent":0,"menu_order":0,"comment_status":"closed","ping_status":"closed","template":"","meta":{"footnotes":""},"class_list":["post-141","page","type-page","status-publish","hentry"],"acf":[],"_links":{"self":[{"href":"https:\/\/mediab.si\/index.php\/wp-json\/wp\/v2\/pages\/141","targetHints":{"allow":["GET"]}}],"collection":[{"href":"https:\/\/mediab.si\/index.php\/wp-json\/wp\/v2\/pages"}],"about":[{"href":"https:\/\/mediab.si\/index.php\/wp-json\/wp\/v2\/types\/page"}],"author":[{"embeddable":true,"href":"https:\/\/mediab.si\/index.php\/wp-json\/wp\/v2\/users\/1"}],"replies":[{"embeddable":true,"href":"https:\/\/mediab.si\/index.php\/wp-json\/wp\/v2\/comments?post=141"}],"version-history":[{"count":6,"href":"https:\/\/mediab.si\/index.php\/wp-json\/wp\/v2\/pages\/141\/revisions"}],"predecessor-version":[{"id":156,"href":"https:\/\/mediab.si\/index.php\/wp-json\/wp\/v2\/pages\/141\/revisions\/156"}],"wp:attachment":[{"href":"https:\/\/mediab.si\/index.php\/wp-json\/wp\/v2\/media?parent=141"}],"curies":[{"name":"wp","href":"https:\/\/api.w.org\/{rel}","templated":true}]}}