{"id":139,"date":"2023-05-12T14:14:23","date_gmt":"2023-05-12T13:14:23","guid":{"rendered":"https:\/\/mediab.si\/?page_id=139"},"modified":"2023-05-12T16:16:26","modified_gmt":"2023-05-12T15:16:26","slug":"strehe","status":"publish","type":"page","link":"https:\/\/mediab.si\/index.php\/strehe\/","title":{"rendered":"Strehe"},"content":{"rendered":"\n<h2 class=\"wp-block-heading\">Odstranitev mahu in li\u0161ajev iz streh<\/h2>\n\n\n\n<p>Streha je najbolj izpostavljen del objekta. Da boste va\u0161i strehi zagotovili dolgo \u017eivljenjsko dobo in hkrati tudi lep\u0161i videz, se odlo\u010dite za \u010di\u0161\u010denje. Padavine sicer odstranijo nekaj umazanije, vendar ne prepre\u010dijo rasti organizmov (alge, mahovi in bakterije), zato se ti nemoteno kopi\u010dijo na va\u0161i kritini. \u010ci\u0161\u010denje opravljamo s pomo\u010djo visokotla\u010dnega \u010distilnika in biorazgradljivimi sredstvi.<\/p>\n\n\n\n<figure class=\"wp-block-gallery has-nested-images columns-default is-cropped wp-block-gallery-1 is-layout-flex wp-block-gallery-is-layout-flex\">\n<figure class=\"wp-block-image size-large\"><img loading=\"lazy\" decoding=\"async\" width=\"1024\" height=\"768\" data-id=\"177\" src=\"https:\/\/mediab.si\/wp-content\/uploads\/2023\/05\/Ciscenje-strehe-2-1024x768.jpg\" alt=\"\" class=\"wp-image-177\" srcset=\"https:\/\/mediab.si\/wp-content\/uploads\/2023\/05\/Ciscenje-strehe-2-1024x768.jpg 1024w, https:\/\/mediab.si\/wp-content\/uploads\/2023\/05\/Ciscenje-strehe-2-300x225.jpg 300w, https:\/\/mediab.si\/wp-content\/uploads\/2023\/05\/Ciscenje-strehe-2-768x576.jpg 768w, https:\/\/mediab.si\/wp-content\/uploads\/2023\/05\/Ciscenje-strehe-2-1536x1152.jpg 1536w, https:\/\/mediab.si\/wp-content\/uploads\/2023\/05\/Ciscenje-strehe-2-2048x1536.jpg 2048w, https:\/\/mediab.si\/wp-content\/uploads\/2023\/05\/Ciscenje-strehe-2-2000x1500.jpg 2000w\" sizes=\"auto, (max-width: 1024px) 100vw, 1024px\" \/><\/figure>\n\n\n\n<figure class=\"wp-block-image size-large\"><img loading=\"lazy\" decoding=\"async\" width=\"1024\" height=\"961\" data-id=\"178\" src=\"https:\/\/mediab.si\/wp-content\/uploads\/2023\/05\/image1-1024x961.jpeg\" alt=\"\" class=\"wp-image-178\" srcset=\"https:\/\/mediab.si\/wp-content\/uploads\/2023\/05\/image1-1024x961.jpeg 1024w, https:\/\/mediab.si\/wp-content\/uploads\/2023\/05\/image1-300x282.jpeg 300w, https:\/\/mediab.si\/wp-content\/uploads\/2023\/05\/image1-768x721.jpeg 768w, https:\/\/mediab.si\/wp-content\/uploads\/2023\/05\/image1-1536x1442.jpeg 1536w, https:\/\/mediab.si\/wp-content\/uploads\/2023\/05\/image1-2048x1923.jpeg 2048w, https:\/\/mediab.si\/wp-content\/uploads\/2023\/05\/image1-2000x1878.jpeg 2000w\" sizes=\"auto, (max-width: 1024px) 100vw, 1024px\" \/><\/figure>\n<\/figure>\n\n\n\n<figure class=\"wp-block-gallery has-nested-images columns-default is-cropped wp-block-gallery-2 is-layout-flex wp-block-gallery-is-layout-flex\">\n<figure class=\"wp-block-image size-large\"><img loading=\"lazy\" decoding=\"async\" width=\"782\" height=\"440\" data-id=\"179\" src=\"https:\/\/mediab.si\/wp-content\/uploads\/2023\/05\/pranje-krova-i-crepa-782x440-1.webp\" alt=\"\" class=\"wp-image-179\" srcset=\"https:\/\/mediab.si\/wp-content\/uploads\/2023\/05\/pranje-krova-i-crepa-782x440-1.webp 782w, https:\/\/mediab.si\/wp-content\/uploads\/2023\/05\/pranje-krova-i-crepa-782x440-1-300x169.webp 300w, https:\/\/mediab.si\/wp-content\/uploads\/2023\/05\/pranje-krova-i-crepa-782x440-1-768x432.webp 768w\" sizes=\"auto, (max-width: 782px) 100vw, 782px\" \/><\/figure>\n<\/figure>\n\n\n\n<figure class=\"wp-block-gallery has-nested-images columns-default is-cropped wp-block-gallery-3 is-layout-flex wp-block-gallery-is-layout-flex\">\n<figure class=\"wp-block-image size-large\"><img loading=\"lazy\" decoding=\"async\" width=\"1024\" height=\"548\" data-id=\"180\" src=\"https:\/\/mediab.si\/wp-content\/uploads\/2023\/05\/ciscenje-krova-1024x548.webp\" alt=\"\" class=\"wp-image-180\" srcset=\"https:\/\/mediab.si\/wp-content\/uploads\/2023\/05\/ciscenje-krova-1024x548.webp 1024w, https:\/\/mediab.si\/wp-content\/uploads\/2023\/05\/ciscenje-krova-300x160.webp 300w, https:\/\/mediab.si\/wp-content\/uploads\/2023\/05\/ciscenje-krova-768x411.webp 768w, https:\/\/mediab.si\/wp-content\/uploads\/2023\/05\/ciscenje-krova.webp 1253w\" sizes=\"auto, (max-width: 1024px) 100vw, 1024px\" \/><\/figure>\n<\/figure>\n","protected":false},"excerpt":{"rendered":"<p>Odstranitev mahu in li\u0161ajev iz streh Streha je najbolj izpostavljen del objekta. Da boste va\u0161i strehi zagotovili dolgo \u017eivljenjsko dobo in hkrati tudi lep\u0161i videz, se odlo\u010dite za \u010di\u0161\u010denje. Padavine sicer odstranijo nekaj umazanije, vendar ne prepre\u010dijo rasti organizmov (alge, mahovi in bakterije), zato se ti nemoteno kopi\u010dijo na va\u0161i kritini. \u010ci\u0161\u010denje opravljamo s pomo\u010djo &hellip; <\/p>\n<p class=\"link-more\"><a href=\"https:\/\/mediab.si\/index.php\/strehe\/\" class=\"more-link\">Read more<span class=\"screen-reader-text\"> &#8220;Strehe&#8221;<\/span><\/a><\/p>\n","protected":false},"author":1,"featured_media":0,"parent":0,"menu_order":0,"comment_status":"closed","ping_status":"closed","template":"","meta":{"footnotes":""},"class_list":["post-139","page","type-page","status-publish","hentry"],"acf":[],"_links":{"self":[{"href":"https:\/\/mediab.si\/index.php\/wp-json\/wp\/v2\/pages\/139","targetHints":{"allow":["GET"]}}],"collection":[{"href":"https:\/\/mediab.si\/index.php\/wp-json\/wp\/v2\/pages"}],"about":[{"href":"https:\/\/mediab.si\/index.php\/wp-json\/wp\/v2\/types\/page"}],"author":[{"embeddable":true,"href":"https:\/\/mediab.si\/index.php\/wp-json\/wp\/v2\/users\/1"}],"replies":[{"embeddable":true,"href":"https:\/\/mediab.si\/index.php\/wp-json\/wp\/v2\/comments?post=139"}],"version-history":[{"count":3,"href":"https:\/\/mediab.si\/index.php\/wp-json\/wp\/v2\/pages\/139\/revisions"}],"predecessor-version":[{"id":174,"href":"https:\/\/mediab.si\/index.php\/wp-json\/wp\/v2\/pages\/139\/revisions\/174"}],"wp:attachment":[{"href":"https:\/\/mediab.si\/index.php\/wp-json\/wp\/v2\/media?parent=139"}],"curies":[{"name":"wp","href":"https:\/\/api.w.org\/{rel}","templated":true}]}}