{"id":129,"date":"2023-05-12T14:10:22","date_gmt":"2023-05-12T13:10:22","guid":{"rendered":"https:\/\/mediab.si\/?page_id=129"},"modified":"2023-05-13T19:06:49","modified_gmt":"2023-05-13T18:06:49","slug":"soncne-elektrarne","status":"publish","type":"page","link":"https:\/\/mediab.si\/index.php\/soncne-elektrarne\/","title":{"rendered":"Son\u010dne elektrarne"},"content":{"rendered":"\n<h2 class=\"wp-block-heading has-large-font-size\">\u010ci\u0161\u010denje son\u010dnih panelov<\/h2>\n\n\n\n<p>Priporo\u010dljivo je enkrat do dvakrat letno \u010di\u0161\u010denje son\u010dne elektrarne, saj umazanija kot so cvetni prah, izpusti iz zra\u010dnikov, pti\u010dji iztrebki, pesek,dimni\u0161ke saje, smog na son\u010dnih celicah zmanj\u0161a u\u010dinkovitost delovanja elektrarne tudi do 25 % .<\/p>\n\n\n\n<p>Izvajamo profesionalno \u010di\u0161\u010denje son\u010dnih panelov z vrhunsko opremo Nem\u0161kega proizvajalca Unger,  za pomivanje z demineralizirano vodo, sistem Hydro Power HiFlo Expert. Ta sistem ima izredno \u010distilno mo\u010d brez uporabe \u010distil, povr\u0161ina pa po \u010di\u0161\u010denju ostane brez made\u017eev in lis.<\/p>\n\n\n\n<figure class=\"wp-block-gallery has-nested-images columns-default is-cropped wp-block-gallery-1 is-layout-flex wp-block-gallery-is-layout-flex\">\n<figure class=\"wp-block-image size-large\"><img loading=\"lazy\" decoding=\"async\" width=\"1024\" height=\"768\" data-id=\"168\" src=\"https:\/\/mediab.si\/wp-content\/uploads\/2023\/05\/Spletna-stran-soncna-elektrarna-5-1024x768.jpg\" alt=\"\" class=\"wp-image-168\" srcset=\"https:\/\/mediab.si\/wp-content\/uploads\/2023\/05\/Spletna-stran-soncna-elektrarna-5-1024x768.jpg 1024w, https:\/\/mediab.si\/wp-content\/uploads\/2023\/05\/Spletna-stran-soncna-elektrarna-5-300x225.jpg 300w, https:\/\/mediab.si\/wp-content\/uploads\/2023\/05\/Spletna-stran-soncna-elektrarna-5-768x576.jpg 768w, https:\/\/mediab.si\/wp-content\/uploads\/2023\/05\/Spletna-stran-soncna-elektrarna-5-1536x1152.jpg 1536w, https:\/\/mediab.si\/wp-content\/uploads\/2023\/05\/Spletna-stran-soncna-elektrarna-5-2048x1536.jpg 2048w, https:\/\/mediab.si\/wp-content\/uploads\/2023\/05\/Spletna-stran-soncna-elektrarna-5-2000x1500.jpg 2000w\" sizes=\"auto, (max-width: 1024px) 100vw, 1024px\" \/><\/figure>\n\n\n\n<figure class=\"wp-block-image size-large\"><img loading=\"lazy\" decoding=\"async\" width=\"1024\" height=\"440\" data-id=\"169\" src=\"https:\/\/mediab.si\/wp-content\/uploads\/2023\/05\/Spletna-stran-soncna-elektrarna-4-1024x440.jpg\" alt=\"\" class=\"wp-image-169\" srcset=\"https:\/\/mediab.si\/wp-content\/uploads\/2023\/05\/Spletna-stran-soncna-elektrarna-4-1024x440.jpg 1024w, https:\/\/mediab.si\/wp-content\/uploads\/2023\/05\/Spletna-stran-soncna-elektrarna-4-300x129.jpg 300w, https:\/\/mediab.si\/wp-content\/uploads\/2023\/05\/Spletna-stran-soncna-elektrarna-4-768x330.jpg 768w, https:\/\/mediab.si\/wp-content\/uploads\/2023\/05\/Spletna-stran-soncna-elektrarna-4.jpg 1170w\" sizes=\"auto, (max-width: 1024px) 100vw, 1024px\" \/><\/figure>\n<\/figure>\n\n\n\n<figure class=\"wp-block-gallery has-nested-images columns-default is-cropped wp-block-gallery-2 is-layout-flex wp-block-gallery-is-layout-flex\">\n<figure class=\"wp-block-image size-large\"><img loading=\"lazy\" decoding=\"async\" width=\"1024\" height=\"293\" data-id=\"170\" src=\"https:\/\/mediab.si\/wp-content\/uploads\/2023\/05\/Spletna-stran-soncna-elektrarna-2-1024x293.jpeg\" alt=\"\" class=\"wp-image-170\" srcset=\"https:\/\/mediab.si\/wp-content\/uploads\/2023\/05\/Spletna-stran-soncna-elektrarna-2-1024x293.jpeg 1024w, https:\/\/mediab.si\/wp-content\/uploads\/2023\/05\/Spletna-stran-soncna-elektrarna-2-300x86.jpeg 300w, https:\/\/mediab.si\/wp-content\/uploads\/2023\/05\/Spletna-stran-soncna-elektrarna-2-768x220.jpeg 768w, https:\/\/mediab.si\/wp-content\/uploads\/2023\/05\/Spletna-stran-soncna-elektrarna-2.jpeg 1163w\" sizes=\"auto, (max-width: 1024px) 100vw, 1024px\" \/><\/figure>\n<\/figure>\n\n\n\n<div class=\"wp-block-group\"><div class=\"wp-block-group__inner-container is-layout-constrained wp-block-group-is-layout-constrained\">\n<div class=\"wp-block-columns is-layout-flex wp-container-core-columns-is-layout-9d6595d7 wp-block-columns-is-layout-flex\">\n<div class=\"wp-block-column is-layout-flow wp-block-column-is-layout-flow\" style=\"flex-basis:100%\">\n<figure class=\"wp-block-gallery has-nested-images columns-default is-cropped wp-block-gallery-3 is-layout-flex wp-block-gallery-is-layout-flex\">\n<figure class=\"wp-block-image size-large\"><img loading=\"lazy\" decoding=\"async\" width=\"718\" height=\"1024\" data-id=\"171\" src=\"https:\/\/mediab.si\/wp-content\/uploads\/2023\/05\/Cisceje-soncne-elektrarne-sistem-unger-718x1024.jpg\" alt=\"\" class=\"wp-image-171\" srcset=\"https:\/\/mediab.si\/wp-content\/uploads\/2023\/05\/Cisceje-soncne-elektrarne-sistem-unger-718x1024.jpg 718w, https:\/\/mediab.si\/wp-content\/uploads\/2023\/05\/Cisceje-soncne-elektrarne-sistem-unger-210x300.jpg 210w, https:\/\/mediab.si\/wp-content\/uploads\/2023\/05\/Cisceje-soncne-elektrarne-sistem-unger-768x1095.jpg 768w, https:\/\/mediab.si\/wp-content\/uploads\/2023\/05\/Cisceje-soncne-elektrarne-sistem-unger-1077x1536.jpg 1077w, https:\/\/mediab.si\/wp-content\/uploads\/2023\/05\/Cisceje-soncne-elektrarne-sistem-unger-1436x2048.jpg 1436w, https:\/\/mediab.si\/wp-content\/uploads\/2023\/05\/Cisceje-soncne-elektrarne-sistem-unger.jpg 1776w\" sizes=\"auto, (max-width: 718px) 100vw, 718px\" \/><\/figure>\n\n\n\n<figure class=\"wp-block-image size-large\"><img loading=\"lazy\" decoding=\"async\" width=\"1024\" height=\"810\" data-id=\"226\" src=\"https:\/\/mediab.si\/wp-content\/uploads\/2023\/05\/Neimenovano-1-1024x810.jpg\" alt=\"\" class=\"wp-image-226\" srcset=\"https:\/\/mediab.si\/wp-content\/uploads\/2023\/05\/Neimenovano-1-1024x810.jpg 1024w, https:\/\/mediab.si\/wp-content\/uploads\/2023\/05\/Neimenovano-1-300x237.jpg 300w, https:\/\/mediab.si\/wp-content\/uploads\/2023\/05\/Neimenovano-1-768x608.jpg 768w, https:\/\/mediab.si\/wp-content\/uploads\/2023\/05\/Neimenovano-1-1536x1216.jpg 1536w, https:\/\/mediab.si\/wp-content\/uploads\/2023\/05\/Neimenovano-1.jpg 2000w\" sizes=\"auto, (max-width: 1024px) 100vw, 1024px\" \/><\/figure>\n<\/figure>\n<\/div>\n<\/div>\n<\/div><\/div>\n","protected":false},"excerpt":{"rendered":"<p>\u010ci\u0161\u010denje son\u010dnih panelov Priporo\u010dljivo je enkrat do dvakrat letno \u010di\u0161\u010denje son\u010dne elektrarne, saj umazanija kot so cvetni prah, izpusti iz zra\u010dnikov, pti\u010dji iztrebki, pesek,dimni\u0161ke saje, smog na son\u010dnih celicah zmanj\u0161a u\u010dinkovitost delovanja elektrarne tudi do 25 % . Izvajamo profesionalno \u010di\u0161\u010denje son\u010dnih panelov z vrhunsko opremo Nem\u0161kega proizvajalca Unger, za pomivanje z demineralizirano vodo, sistem &hellip; <\/p>\n<p class=\"link-more\"><a href=\"https:\/\/mediab.si\/index.php\/soncne-elektrarne\/\" class=\"more-link\">Read more<span class=\"screen-reader-text\"> &#8220;Son\u010dne elektrarne&#8221;<\/span><\/a><\/p>\n","protected":false},"author":1,"featured_media":0,"parent":0,"menu_order":0,"comment_status":"closed","ping_status":"closed","template":"","meta":{"footnotes":""},"class_list":["post-129","page","type-page","status-publish","hentry"],"acf":[],"_links":{"self":[{"href":"https:\/\/mediab.si\/index.php\/wp-json\/wp\/v2\/pages\/129","targetHints":{"allow":["GET"]}}],"collection":[{"href":"https:\/\/mediab.si\/index.php\/wp-json\/wp\/v2\/pages"}],"about":[{"href":"https:\/\/mediab.si\/index.php\/wp-json\/wp\/v2\/types\/page"}],"author":[{"embeddable":true,"href":"https:\/\/mediab.si\/index.php\/wp-json\/wp\/v2\/users\/1"}],"replies":[{"embeddable":true,"href":"https:\/\/mediab.si\/index.php\/wp-json\/wp\/v2\/comments?post=129"}],"version-history":[{"count":5,"href":"https:\/\/mediab.si\/index.php\/wp-json\/wp\/v2\/pages\/129\/revisions"}],"predecessor-version":[{"id":227,"href":"https:\/\/mediab.si\/index.php\/wp-json\/wp\/v2\/pages\/129\/revisions\/227"}],"wp:attachment":[{"href":"https:\/\/mediab.si\/index.php\/wp-json\/wp\/v2\/media?parent=129"}],"curies":[{"name":"wp","href":"https:\/\/api.w.org\/{rel}","templated":true}]}}